{"id":3269,"date":"2025-02-25T11:34:15","date_gmt":"2025-02-25T11:34:15","guid":{"rendered":"https:\/\/boatrentallanzarote.com\/?page_id=3269"},"modified":"2025-03-31T13:23:19","modified_gmt":"2025-03-31T12:23:19","slug":"terms-and-conditions","status":"publish","type":"page","link":"https:\/\/boatrentallanzarote.com\/it\/terms-and-conditions\/","title":{"rendered":"Termini e Condizioni"},"content":{"rendered":"<h2 class=\"wp-block-heading\" id=\"h-1-general-terms-and-conditions\">1. TERMINI E CONDIZIONI GENERALI<\/h2>\n\n\n\n<p>1.1 Il presente documento regola i termini e le condizioni di prenotazione e noleggio delle imbarcazioni di Boat Rental Lanzarote (boatrentallanzarote.com) (di seguito denominata la Societ\u00e0).<\/p>\n\n\n\n<p>1.2 Effettuando una prenotazione, il cliente accetta pienamente i presenti termini e condizioni.<\/p>\n\n\n\n<p>1.3 Il cliente deve avere pi\u00f9 di 18 anni. In caso di gestione autonoma dell&#039;imbarcazione, \u00e8 pienamente responsabile della sua sicurezza. In caso di noleggio di un&#039;imbarcazione con capitano, il cliente \u00e8 tenuto a seguire le regole di comportamento a bordo stabilite dal capitano.<\/p>\n\n\n\n<h2 class=\"wp-block-heading\" id=\"h-2-booking-and-payment-conditions\">2. CONDIZIONI DI PRENOTAZIONE E PAGAMENTO<\/h2>\n\n\n\n<p>2.1 Per confermare la prenotazione \u00e8 richiesto un pagamento anticipato da 20 a 50% del prezzo del noleggio, l&#039;importo del pagamento anticipato dipende da ogni singola imbarcazione e vi sar\u00e0 comunicato dal responsabile della societ\u00e0 prima della prenotazione dell&#039;imbarcazione.<\/p>\n\n\n\n<p>2.2 L&#039;importo rimanente potr\u00e0 essere pagato a bordo dell&#039;imbarcazione noleggiata direttamente al capitano (proprietario dell&#039;imbarcazione) il giorno della gita in barca.<\/p>\n\n\n\n<p>2.3 In caso di bonifico bancario tutte le commissioni sono a carico del cliente.<\/p>\n\n\n\n<p>2.4 Se si noleggia un&#039;imbarcazione senza conducente, prima di salire a bordo \u00e8 necessario versare un deposito di 1000 euro (per coprire eventuali danni), che verr\u00e0 restituito dopo il noleggio se non si riscontrano danni.<\/p>\n\n\n\n<p>2.5 Il carburante non \u00e8 incluso nel prezzo del noleggio per le imbarcazioni a guida autonoma. Il cliente lo pagher\u00e0 separatamente.<\/p>\n\n\n\n<h2 class=\"wp-block-heading\" id=\"h-3-cancellation-and-modification-of-reservations\">3. ANNULLAMENTO E MODIFICA DELLE PRENOTAZIONI<\/h2>\n\n\n\n<p>3.1 La cancellazione gratuita \u00e8 possibile fino a 7 giorni prima della data del noleggio.<\/p>\n\n\n\n<p>3.2 Le cancellazioni effettuate da 6 a 5 giorni prima della data del noleggio saranno soggette a una penale di cancellazione pari a 50%.<\/p>\n\n\n\n<p>3.3 In caso di cancellazione effettuata 4-3 giorni prima della data del noleggio, verr\u00e0 trattenuto l&#039;importo di 75% dalla quota di prenotazione.<\/p>\n\n\n\n<p>3.4 In caso di cancellazione effettuata meno di 48 ore prima della data del noleggio, non verr\u00e0 effettuato alcun rimborso.<\/p>\n\n\n\n<p>3.5 In caso di condizioni meteorologiche sfavorevoli (altezza delle onde superiore a 1 metro, vento forte, acquazzone prolungato) il cliente pu\u00f2 posticipare il noleggio ad altra data o ricevere un rimborso completo.<\/p>\n\n\n\n<h2 class=\"wp-block-heading\" id=\"h-4-rules-of-use-of-the-vessel\">4. REGOLE DI UTILIZZO DELL&#039;IMBARCAZIONE<\/h2>\n\n\n\n<p>4.1 Il cliente \u00e8 tenuto a rispettare le norme di sicurezza e di circolazione marittima quando noleggia un&#039;imbarcazione a guida autonoma.<\/p>\n\n\n\n<p>4.2 \u00c8 vietato:<\/p>\n\n\n\n<ul class=\"wp-block-list\">\n<li>Utilizzare la barca di notte.<\/li>\n\n\n\n<li>Imbarcare pi\u00f9 passeggeri di quelli consentiti.<\/li>\n\n\n\n<li>Rimorchio di altre imbarcazioni.<\/li>\n\n\n\n<li>Lancio di fuochi d&#039;artificio e palloncini dal lato della barca.<\/li>\n<\/ul>\n\n\n\n<p>In caso di danni all&#039;imbarcazione, il cliente \u00e8 tenuto a risarcire la franchigia (1000 euro).<\/p>\n\n\n\n<h2 class=\"wp-block-heading\" id=\"h-5-hire-of-a-vessel-with-a-captain\">5. NOLEGGIO DI UN&#039;IMBARCAZIONE CON CAPITANO<\/h2>\n\n\n\n<p>5.1 Il cliente deve presentarsi al punto di partenza 15 minuti prima dell&#039;inizio del noleggio.<\/p>\n\n\n\n<p>5.2 L&#039;itinerario e le soste vengono stabiliti dal capitano tenendo conto delle condizioni meteorologiche e delle preferenze del cliente.<\/p>\n\n\n\n<p>5.3 Se il cliente non si presenta in orario, il costo del noleggio non verr\u00e0 rimborsato.<\/p>\n\n\n\n<h2 class=\"wp-block-heading\" id=\"h-6-data-confidentiality\">6. RISERVATEZZA DEI DATI<\/h2>\n\n\n\n<p>6.1 Boat Rental Lanzarote tratta i dati personali dei clienti esclusivamente allo scopo di fornire i servizi.<\/p>\n\n\n\n<p>6.2 I dati non saranno trasmessi a terzi, salvo quanto previsto dalla legge, e potranno essere trasmessi anche ai partner della societ\u00e0, quali capitani e proprietari di imbarcazioni, esclusivamente per garantire l&#039;adempimento delle condizioni di noleggio.<\/p>\n\n\n\n<p>6.3 Il Cliente ha il diritto di richiedere la cancellazione dei propri dati inviando un&#039;e-mail a boatrentallanzarote@gmail.com.<\/p>\n\n\n\n<h2 class=\"wp-block-heading\" id=\"h-7-contacts\">7. CONTATTI<\/h2>\n\n\n\n<p>Indirizzo: C. el Berrugo, 4, Playa Blanca, Lanzarote, 35580.<\/p>\n\n\n\n<p>E-mail: boatrentalanzarote@gmail.com<\/p>\n\n\n\n<p>Telefono: +34610491325<\/p>\n\n\n\n<p>Kateryna Zatkhei (Noleggio barche Lanzarote) \u2013 NIE: Y5065763G<\/p>\n\n\n\n<p>Boat Rental Lanzarote si riserva il diritto di modificare i termini e le condizioni del presente contratto senza preavviso.<\/p>","protected":false},"excerpt":{"rendered":"<p>1. GENERAL TERMS AND CONDITIONS 1.1 This document regulates the terms and conditions of booking and hire of boats of Boat Rental Lanzarote (boatrentallanzarote.com) (hereinafter referred to as the Company). 1.2 Making a booking means that the client fully agrees to these terms and conditions. 1.3 The client must be over 18 years of age. [&hellip;]<\/p>","protected":false},"author":2,"featured_media":0,"parent":0,"menu_order":0,"comment_status":"closed","ping_status":"closed","template":"","meta":{"_acf_changed":false,"footnotes":""},"class_list":["post-3269","page","type-page","status-publish","hentry"],"acf":[],"yoast_head":"<!-- This site is optimized with the Yoast SEO Premium plugin v24.4 (Yoast SEO v24.4) - https:\/\/yoast.com\/wordpress\/plugins\/seo\/ -->\n<title>Terms and Conditions | Boat Rental Lanzarote<\/title>\n<meta name=\"description\" content=\"Essential legal information for boat rentals in Lanzarote. Booking policies, safety requirements and customer responsibilities.\" \/>\n<meta name=\"robots\" content=\"index, follow, max-snippet:-1, max-image-preview:large, max-video-preview:-1\" \/>\n<link rel=\"canonical\" href=\"https:\/\/boatrentallanzarote.com\/it\/terms-and-conditions\/\" \/>\n<meta property=\"og:locale\" content=\"it_IT\" \/>\n<meta property=\"og:type\" content=\"article\" \/>\n<meta property=\"og:title\" content=\"Terms and Conditions\" \/>\n<meta property=\"og:description\" content=\"Essential legal information for boat rentals in Lanzarote. Booking policies, safety requirements and customer responsibilities.\" \/>\n<meta property=\"og:url\" content=\"https:\/\/boatrentallanzarote.com\/it\/terms-and-conditions\/\" \/>\n<meta property=\"og:site_name\" content=\"Boat Rental Lanzarote\" \/>\n<meta property=\"article:modified_time\" content=\"2025-03-31T12:23:19+00:00\" \/>\n<meta name=\"twitter:card\" content=\"summary_large_image\" \/>\n<meta name=\"twitter:label1\" content=\"Tempo di lettura stimato\" \/>\n\t<meta name=\"twitter:data1\" content=\"3 minuti\" \/>\n<script type=\"application\/ld+json\" class=\"yoast-schema-graph\">{\"@context\":\"https:\/\/schema.org\",\"@graph\":[{\"@type\":\"WebPage\",\"@id\":\"https:\/\/boatrentallanzarote.com\/terms-and-conditions\/\",\"url\":\"https:\/\/boatrentallanzarote.com\/terms-and-conditions\/\",\"name\":\"Terms and Conditions | Boat Rental Lanzarote\",\"isPartOf\":{\"@id\":\"https:\/\/boatrentallanzarote.com\/#website\"},\"datePublished\":\"2025-02-25T11:34:15+00:00\",\"dateModified\":\"2025-03-31T12:23:19+00:00\",\"description\":\"Essential legal information for boat rentals in Lanzarote. Booking policies, safety requirements and customer responsibilities.\",\"breadcrumb\":{\"@id\":\"https:\/\/boatrentallanzarote.com\/terms-and-conditions\/#breadcrumb\"},\"inLanguage\":\"it-IT\",\"potentialAction\":[{\"@type\":\"ReadAction\",\"target\":[\"https:\/\/boatrentallanzarote.com\/terms-and-conditions\/\"]}]},{\"@type\":\"BreadcrumbList\",\"@id\":\"https:\/\/boatrentallanzarote.com\/terms-and-conditions\/#breadcrumb\",\"itemListElement\":[{\"@type\":\"ListItem\",\"position\":1,\"name\":\"Home\",\"item\":\"https:\/\/boatrentallanzarote.com\/\"},{\"@type\":\"ListItem\",\"position\":2,\"name\":\"Terms and Conditions\"}]},{\"@type\":\"WebSite\",\"@id\":\"https:\/\/boatrentallanzarote.com\/#website\",\"url\":\"https:\/\/boatrentallanzarote.com\/\",\"name\":\"Boat Rental Lanzarote\",\"description\":\"\",\"potentialAction\":[{\"@type\":\"SearchAction\",\"target\":{\"@type\":\"EntryPoint\",\"urlTemplate\":\"https:\/\/boatrentallanzarote.com\/?s={search_term_string}\"},\"query-input\":{\"@type\":\"PropertyValueSpecification\",\"valueRequired\":true,\"valueName\":\"search_term_string\"}}],\"inLanguage\":\"it-IT\"}]}<\/script>\n<!-- \/ Yoast SEO Premium plugin. -->","yoast_head_json":{"title":"Terms and Conditions | Boat Rental Lanzarote","description":"Essential legal information for boat rentals in Lanzarote. Booking policies, safety requirements and customer responsibilities.","robots":{"index":"index","follow":"follow","max-snippet":"max-snippet:-1","max-image-preview":"max-image-preview:large","max-video-preview":"max-video-preview:-1"},"canonical":"https:\/\/boatrentallanzarote.com\/it\/terms-and-conditions\/","og_locale":"it_IT","og_type":"article","og_title":"Terms and Conditions","og_description":"Essential legal information for boat rentals in Lanzarote. Booking policies, safety requirements and customer responsibilities.","og_url":"https:\/\/boatrentallanzarote.com\/it\/terms-and-conditions\/","og_site_name":"Boat Rental Lanzarote","article_modified_time":"2025-03-31T12:23:19+00:00","twitter_card":"summary_large_image","twitter_misc":{"Tempo di lettura stimato":"3 minuti"},"schema":{"@context":"https:\/\/schema.org","@graph":[{"@type":"WebPage","@id":"https:\/\/boatrentallanzarote.com\/terms-and-conditions\/","url":"https:\/\/boatrentallanzarote.com\/terms-and-conditions\/","name":"Terms and Conditions | Boat Rental Lanzarote","isPartOf":{"@id":"https:\/\/boatrentallanzarote.com\/#website"},"datePublished":"2025-02-25T11:34:15+00:00","dateModified":"2025-03-31T12:23:19+00:00","description":"Essential legal information for boat rentals in Lanzarote. Booking policies, safety requirements and customer responsibilities.","breadcrumb":{"@id":"https:\/\/boatrentallanzarote.com\/terms-and-conditions\/#breadcrumb"},"inLanguage":"it-IT","potentialAction":[{"@type":"ReadAction","target":["https:\/\/boatrentallanzarote.com\/terms-and-conditions\/"]}]},{"@type":"BreadcrumbList","@id":"https:\/\/boatrentallanzarote.com\/terms-and-conditions\/#breadcrumb","itemListElement":[{"@type":"ListItem","position":1,"name":"Home","item":"https:\/\/boatrentallanzarote.com\/"},{"@type":"ListItem","position":2,"name":"Terms and Conditions"}]},{"@type":"WebSite","@id":"https:\/\/boatrentallanzarote.com\/#website","url":"https:\/\/boatrentallanzarote.com\/","name":"Boat Rental Lanzarote","description":"","potentialAction":[{"@type":"SearchAction","target":{"@type":"EntryPoint","urlTemplate":"https:\/\/boatrentallanzarote.com\/?s={search_term_string}"},"query-input":{"@type":"PropertyValueSpecification","valueRequired":true,"valueName":"search_term_string"}}],"inLanguage":"it-IT"}]}},"_links":{"self":[{"href":"https:\/\/boatrentallanzarote.com\/it\/wp-json\/wp\/v2\/pages\/3269","targetHints":{"allow":["GET"]}}],"collection":[{"href":"https:\/\/boatrentallanzarote.com\/it\/wp-json\/wp\/v2\/pages"}],"about":[{"href":"https:\/\/boatrentallanzarote.com\/it\/wp-json\/wp\/v2\/types\/page"}],"author":[{"embeddable":true,"href":"https:\/\/boatrentallanzarote.com\/it\/wp-json\/wp\/v2\/users\/2"}],"replies":[{"embeddable":true,"href":"https:\/\/boatrentallanzarote.com\/it\/wp-json\/wp\/v2\/comments?post=3269"}],"version-history":[{"count":5,"href":"https:\/\/boatrentallanzarote.com\/it\/wp-json\/wp\/v2\/pages\/3269\/revisions"}],"predecessor-version":[{"id":3490,"href":"https:\/\/boatrentallanzarote.com\/it\/wp-json\/wp\/v2\/pages\/3269\/revisions\/3490"}],"wp:attachment":[{"href":"https:\/\/boatrentallanzarote.com\/it\/wp-json\/wp\/v2\/media?parent=3269"}],"curies":[{"name":"wp","href":"https:\/\/api.w.org\/{rel}","templated":true}]}}