{"id":3,"date":"2025-02-13T08:58:28","date_gmt":"2025-02-13T08:58:28","guid":{"rendered":"https:\/\/boatrentallanzarote.com\/?page_id=3"},"modified":"2025-03-31T06:53:31","modified_gmt":"2025-03-31T05:53:31","slug":"privacy-policy","status":"publish","type":"page","link":"https:\/\/boatrentallanzarote.com\/it\/privacy-policy\/","title":{"rendered":"politica sulla riservatezza"},"content":{"rendered":"<h2 class=\"wp-block-heading\" id=\"h-introduction\">Introduzione<\/h2>\n\n\n\n<p>Il sito web boatrentallanzarote.com \u00e8 gestito da Boat Rental Lanzarote. Boat Rental Lanzarote \u00e8 un&#039;azienda che ha sviluppato procedure complete per l&#039;utilizzo delle informazioni al fine di garantire la privacy e la protezione dei dati degli utenti. La nostra Informativa sulla Privacy descrive le procedure applicate da Boat Rental Lanzarote alle informazioni inviate tramite Internet, per il trattamento dei dati personali e non personali, ed \u00e8 redatta in conformit\u00e0 con la legislazione spagnola vigente. Si prega di leggere attentamente la presente Informativa sulla Privacy prima di utilizzare il sito web boatrentallanzarote.com (il &quot;Sito&quot;).<\/p>\n\n\n\n<h2 class=\"wp-block-heading\" id=\"h-how-is-your-information-used\">Come vengono utilizzate le tue informazioni?<\/h2>\n\n\n\n<p>Boat Rental Lanzarote non vender\u00e0, affitter\u00e0, trasferir\u00e0 o condivider\u00e0 i tuoi dati personali con terze parti senza il tuo consenso, salvo ove richiesto dalla legge. Boat Rental Lanzarote non utilizzer\u00e0 n\u00e9 distribuir\u00e0 i dati personali che fornisci online per scopi diversi da quelli indicati nella presente informativa senza preavviso, in modo che tu abbia la possibilit\u00e0 di negare il consenso. Condivideremo i tuoi dati personali solo con i partner che agiscono per nostro conto per fornire il servizio o le informazioni che hai richiesto, o per consolidare l&#039;archiviazione dei dati o facilitare la gestione dei dati dei clienti. Queste aziende e i partner di Boat Rental Lanzarote sono tenuti a rispettare la nostra Informativa sulla privacy quando utilizzano i dati personali, nonch\u00e9 i relativi accordi di riservatezza.<\/p>\n\n\n\n<h2 class=\"wp-block-heading\" id=\"h-what-information-do-we-collect\">Quali informazioni raccogliamo?<\/h2>\n\n\n\n<h3 class=\"wp-block-heading\" id=\"h-non-personal-information\">Informazioni non personali<\/h3>\n\n\n\n<p>Quando visiti il nostro Sito, puoi svolgere diverse attivit\u00e0 senza fornire i tuoi dati personali. Tuttavia, utilizziamo strumenti per raccogliere e analizzare informazioni sulle pagine visitate, l&#039;ordine in cui vengono visualizzate, i link utilizzati e altri dati. Queste informazioni non sono collegate ai dati personali degli utenti. Le informazioni non personali raccolte ci aiutano a identificare le aree pi\u00f9 visitate del Sito e a valutare l&#039;efficacia delle nostre attivit\u00e0 promozionali.<\/p>\n\n\n\n<h3 class=\"wp-block-heading\" id=\"h-personal-information\">Informazioni personali<\/h3>\n\n\n\n<p>Alcune pagine del sito web di Boat Rental Lanzarote ti consentono di inviare richieste, lasciare feedback o iscriverti ai nostri servizi online. Le informazioni personali che possono essere raccolte in queste sezioni includono: nome, indirizzo, indirizzo email, numero di telefono e informazioni sulle tue preferenze e sull&#039;utilizzo di vari servizi. Boat Rental Lanzarote utilizza questi dati per comprendere meglio le tue esigenze e offrirti un servizio migliore.<\/p>\n\n\n\n<h2 class=\"wp-block-heading\" id=\"h-why-do-we-collect-your-personal-information\">Perch\u00e9 raccogliamo le tue informazioni personali?<\/h2>\n\n\n\n<h3 class=\"wp-block-heading\" id=\"h-mailings\">Invii postali<\/h3>\n\n\n\n<p>Occasionalmente, Boat Rental Lanzarote offre ai visitatori la possibilit\u00e0 di fornire un indirizzo email per ricevere newsletter o informazioni sui servizi. Questi indirizzi email saranno utilizzati esclusivamente a questo scopo e non saranno condivisi con altre societ\u00e0 esterne a Boat Rental Lanzarote senza il vostro consenso. Inoltre, potrete sempre scegliere di non ricevere pi\u00f9 tali comunicazioni.<\/p>\n\n\n\n<h2 class=\"wp-block-heading\" id=\"h-how-do-we-protect-your-information\">Come proteggiamo le tue informazioni?<\/h2>\n\n\n\n<p>Abbiamo adottato misure fisiche, elettroniche e gestionali per impedire l&#039;accesso non autorizzato e la divulgazione dei dati, per garantirne l&#039;accuratezza e l&#039;uso appropriato delle informazioni per proteggere i dati raccolti online.<\/p>\n\n\n\n<h3 class=\"wp-block-heading\" id=\"h-access-to-your-information\">Accesso alle tue informazioni<\/h3>\n\n\n\n<p>Hai il diritto di accedere e modificare i tuoi dati personali in qualsiasi momento. Per rivedere, aggiornare o modificare i tuoi dati personali, contattaci all&#039;indirizzo boatrentallanzarote@gmail.com.<\/p>\n\n\n\n<h3 class=\"wp-block-heading\" id=\"h-third-party-sites\">Siti di terze parti<\/h3>\n\n\n\n<p>La nostra Informativa sulla privacy si applica solo alle aree del Sito sotto il controllo di Boat Rental Lanzarote. I link a siti di terze parti sono forniti esclusivamente per vostra comodit\u00e0. Vi consigliamo di leggere le informative sulla privacy di tali siti prima di inviare loro informazioni personali. Boat Rental Lanzarote non esamina tutti i siti di terze parti, non ha alcun controllo sulle loro attivit\u00e0 e non \u00e8 responsabile del loro contenuto o delle loro informative sulla privacy. Di conseguenza, Boat Rental Lanzarote non approva n\u00e9 si fa portavoce di questi siti, delle loro informazioni, dei loro prodotti o di altri materiali.<\/p>\n\n\n\n<h2 class=\"wp-block-heading\" id=\"h-how-do-i-get-in-touch-with-us\">Come posso contattarci?<\/h2>\n\n\n\n<p>La tua opinione \u00e8 molto importante per noi. Per qualsiasi domanda o commento sulla nostra Informativa sulla privacy, contattaci all&#039;indirizzo boatrentallanzarote@gmail.com o inviaci un&#039;e-mail.<\/p>\n\n\n\n<h3 class=\"wp-block-heading\" id=\"h-contact-details\">Dettagli di contatto<\/h3>\n\n\n\n<p>Kateryna Zatkhei (Noleggio barche Lanzarote) \u2013 NIE: Y5065763G<\/p>\n\n\n\n<p>C. el Berrugo, 4, Playa Blanca, Lanzarote, 35580<\/p>\n\n\n\n<p>E-mail: boatrentalanzarote@gmail.com<\/p>\n\n\n\n<p>Telefono: +34610491325<\/p>","protected":false},"excerpt":{"rendered":"<p>Introduction The boatrentallanzarote.com website is operated by Boat Rental Lanzarote. Boat Rental Lanzarote is a company that has developed comprehensive information use procedures to ensure the privacy and protection of user data. Our Privacy Policy describes the procedures applied by Boat Rental Lanzarote to information sent via the Internet, for the processing of both personal [&hellip;]<\/p>","protected":false},"author":2,"featured_media":0,"parent":0,"menu_order":0,"comment_status":"closed","ping_status":"open","template":"","meta":{"_acf_changed":false,"footnotes":""},"class_list":["post-3","page","type-page","status-publish","hentry"],"acf":[],"yoast_head":"<!-- This site is optimized with the Yoast SEO Premium plugin v24.4 (Yoast SEO v24.4) - https:\/\/yoast.com\/wordpress\/plugins\/seo\/ -->\n<title>Privacy Policy | Boat Rental Lanzarote<\/title>\n<meta name=\"description\" content=\"Privacy Policy for Boat Rental Lanzarote. Learn how we protect your data, what information we collect, and your rights.\" \/>\n<meta name=\"robots\" content=\"index, follow, max-snippet:-1, max-image-preview:large, max-video-preview:-1\" \/>\n<link rel=\"canonical\" href=\"https:\/\/boatrentallanzarote.com\/it\/privacy-policy\/\" \/>\n<meta property=\"og:locale\" content=\"it_IT\" \/>\n<meta property=\"og:type\" content=\"article\" \/>\n<meta property=\"og:title\" content=\"Privacy Policy\" \/>\n<meta property=\"og:description\" content=\"Privacy Policy for Boat Rental Lanzarote. Learn how we protect your data, what information we collect, and your rights.\" \/>\n<meta property=\"og:url\" content=\"https:\/\/boatrentallanzarote.com\/it\/privacy-policy\/\" \/>\n<meta property=\"og:site_name\" content=\"Boat Rental Lanzarote\" \/>\n<meta property=\"article:modified_time\" content=\"2025-03-31T05:53:31+00:00\" \/>\n<meta name=\"twitter:card\" content=\"summary_large_image\" \/>\n<meta name=\"twitter:label1\" content=\"Tempo di lettura stimato\" \/>\n\t<meta name=\"twitter:data1\" content=\"3 minuti\" \/>\n<script type=\"application\/ld+json\" class=\"yoast-schema-graph\">{\"@context\":\"https:\/\/schema.org\",\"@graph\":[{\"@type\":\"WebPage\",\"@id\":\"https:\/\/boatrentallanzarote.com\/privacy-policy\/\",\"url\":\"https:\/\/boatrentallanzarote.com\/privacy-policy\/\",\"name\":\"Privacy Policy | Boat Rental Lanzarote\",\"isPartOf\":{\"@id\":\"https:\/\/boatrentallanzarote.com\/#website\"},\"datePublished\":\"2025-02-13T08:58:28+00:00\",\"dateModified\":\"2025-03-31T05:53:31+00:00\",\"description\":\"Privacy Policy for Boat Rental Lanzarote. Learn how we protect your data, what information we collect, and your rights.\",\"breadcrumb\":{\"@id\":\"https:\/\/boatrentallanzarote.com\/privacy-policy\/#breadcrumb\"},\"inLanguage\":\"it-IT\",\"potentialAction\":[{\"@type\":\"ReadAction\",\"target\":[\"https:\/\/boatrentallanzarote.com\/privacy-policy\/\"]}]},{\"@type\":\"BreadcrumbList\",\"@id\":\"https:\/\/boatrentallanzarote.com\/privacy-policy\/#breadcrumb\",\"itemListElement\":[{\"@type\":\"ListItem\",\"position\":1,\"name\":\"Home\",\"item\":\"https:\/\/boatrentallanzarote.com\/\"},{\"@type\":\"ListItem\",\"position\":2,\"name\":\"Privacy Policy\"}]},{\"@type\":\"WebSite\",\"@id\":\"https:\/\/boatrentallanzarote.com\/#website\",\"url\":\"https:\/\/boatrentallanzarote.com\/\",\"name\":\"Boat Rental Lanzarote\",\"description\":\"\",\"potentialAction\":[{\"@type\":\"SearchAction\",\"target\":{\"@type\":\"EntryPoint\",\"urlTemplate\":\"https:\/\/boatrentallanzarote.com\/?s={search_term_string}\"},\"query-input\":{\"@type\":\"PropertyValueSpecification\",\"valueRequired\":true,\"valueName\":\"search_term_string\"}}],\"inLanguage\":\"it-IT\"}]}<\/script>\n<!-- \/ Yoast SEO Premium plugin. -->","yoast_head_json":{"title":"Privacy Policy | Boat Rental Lanzarote","description":"Privacy Policy for Boat Rental Lanzarote. Learn how we protect your data, what information we collect, and your rights.","robots":{"index":"index","follow":"follow","max-snippet":"max-snippet:-1","max-image-preview":"max-image-preview:large","max-video-preview":"max-video-preview:-1"},"canonical":"https:\/\/boatrentallanzarote.com\/it\/privacy-policy\/","og_locale":"it_IT","og_type":"article","og_title":"Privacy Policy","og_description":"Privacy Policy for Boat Rental Lanzarote. Learn how we protect your data, what information we collect, and your rights.","og_url":"https:\/\/boatrentallanzarote.com\/it\/privacy-policy\/","og_site_name":"Boat Rental Lanzarote","article_modified_time":"2025-03-31T05:53:31+00:00","twitter_card":"summary_large_image","twitter_misc":{"Tempo di lettura stimato":"3 minuti"},"schema":{"@context":"https:\/\/schema.org","@graph":[{"@type":"WebPage","@id":"https:\/\/boatrentallanzarote.com\/privacy-policy\/","url":"https:\/\/boatrentallanzarote.com\/privacy-policy\/","name":"Privacy Policy | Boat Rental Lanzarote","isPartOf":{"@id":"https:\/\/boatrentallanzarote.com\/#website"},"datePublished":"2025-02-13T08:58:28+00:00","dateModified":"2025-03-31T05:53:31+00:00","description":"Privacy Policy for Boat Rental Lanzarote. Learn how we protect your data, what information we collect, and your rights.","breadcrumb":{"@id":"https:\/\/boatrentallanzarote.com\/privacy-policy\/#breadcrumb"},"inLanguage":"it-IT","potentialAction":[{"@type":"ReadAction","target":["https:\/\/boatrentallanzarote.com\/privacy-policy\/"]}]},{"@type":"BreadcrumbList","@id":"https:\/\/boatrentallanzarote.com\/privacy-policy\/#breadcrumb","itemListElement":[{"@type":"ListItem","position":1,"name":"Home","item":"https:\/\/boatrentallanzarote.com\/"},{"@type":"ListItem","position":2,"name":"Privacy Policy"}]},{"@type":"WebSite","@id":"https:\/\/boatrentallanzarote.com\/#website","url":"https:\/\/boatrentallanzarote.com\/","name":"Boat Rental Lanzarote","description":"","potentialAction":[{"@type":"SearchAction","target":{"@type":"EntryPoint","urlTemplate":"https:\/\/boatrentallanzarote.com\/?s={search_term_string}"},"query-input":{"@type":"PropertyValueSpecification","valueRequired":true,"valueName":"search_term_string"}}],"inLanguage":"it-IT"}]}},"_links":{"self":[{"href":"https:\/\/boatrentallanzarote.com\/it\/wp-json\/wp\/v2\/pages\/3","targetHints":{"allow":["GET"]}}],"collection":[{"href":"https:\/\/boatrentallanzarote.com\/it\/wp-json\/wp\/v2\/pages"}],"about":[{"href":"https:\/\/boatrentallanzarote.com\/it\/wp-json\/wp\/v2\/types\/page"}],"author":[{"embeddable":true,"href":"https:\/\/boatrentallanzarote.com\/it\/wp-json\/wp\/v2\/users\/2"}],"replies":[{"embeddable":true,"href":"https:\/\/boatrentallanzarote.com\/it\/wp-json\/wp\/v2\/comments?post=3"}],"version-history":[{"count":3,"href":"https:\/\/boatrentallanzarote.com\/it\/wp-json\/wp\/v2\/pages\/3\/revisions"}],"predecessor-version":[{"id":3482,"href":"https:\/\/boatrentallanzarote.com\/it\/wp-json\/wp\/v2\/pages\/3\/revisions\/3482"}],"wp:attachment":[{"href":"https:\/\/boatrentallanzarote.com\/it\/wp-json\/wp\/v2\/media?parent=3"}],"curies":[{"name":"wp","href":"https:\/\/api.w.org\/{rel}","templated":true}]}}